{"id":5456,"date":"2012-01-03T14:21:34","date_gmt":"2012-01-03T13:21:34","guid":{"rendered":"https:\/\/www.colleensparis.com\/?page_id=5456"},"modified":"2020-04-21T17:08:09","modified_gmt":"2020-04-21T15:08:09","slug":"how-to-find-a-grave-in-paris","status":"publish","type":"page","link":"https:\/\/staging-wptechsupport.com\/colleensparis\/how-to-find\/how-to-find-a-grave-in-paris\/","title":{"rendered":"Find A Family Grave In Paris"},"content":{"rendered":"<p><a href=\"https:\/\/i0.wp.com\/staging-wptechsupport.com\/colleensparis\/wp-content\/uploads\/2012\/01\/DSC00347page.jpg?ssl=1\" data-rel=\"penci-gallery-image-content\" ><img data-recalc-dims=\"1\" fetchpriority=\"high\" decoding=\"async\" data-attachment-id=\"5459\" data-permalink=\"https:\/\/staging-wptechsupport.com\/colleensparis\/how-to-find\/how-to-find-a-grave-in-paris\/dsc00347page\/\" data-orig-file=\"https:\/\/i0.wp.com\/staging-wptechsupport.com\/colleensparis\/wp-content\/uploads\/2012\/01\/DSC00347page.jpg?fit=563%2C620&amp;ssl=1\" data-orig-size=\"563,620\" data-comments-opened=\"1\" data-image-meta=\"{&quot;aperture&quot;:&quot;0&quot;,&quot;credit&quot;:&quot;&quot;,&quot;camera&quot;:&quot;&quot;,&quot;caption&quot;:&quot;&quot;,&quot;created_timestamp&quot;:&quot;0&quot;,&quot;copyright&quot;:&quot;&quot;,&quot;focal_length&quot;:&quot;0&quot;,&quot;iso&quot;:&quot;0&quot;,&quot;shutter_speed&quot;:&quot;0&quot;,&quot;title&quot;:&quot;&quot;}\" data-image-title=\"Saint Vincent Cemetery &#8211; Montmartre\" data-image-description=\"&lt;p&gt;Cimeti\u00e8re de Saint Vincent&lt;br \/&gt;\n6 rue Lucien Gaulard Paris 18th&lt;\/p&gt;\n\" data-image-caption=\"\" data-medium-file=\"https:\/\/i0.wp.com\/staging-wptechsupport.com\/colleensparis\/wp-content\/uploads\/2012\/01\/DSC00347page.jpg?fit=272%2C300&amp;ssl=1\" data-large-file=\"https:\/\/i0.wp.com\/staging-wptechsupport.com\/colleensparis\/wp-content\/uploads\/2012\/01\/DSC00347page.jpg?fit=545%2C600&amp;ssl=1\" class=\"alignleft size-medium wp-image-5459\" style=\"border: 2px solid black; margin: 10px;\" title=\"Saint Vincent Cemetery - Montmartre\" src=\"https:\/\/i0.wp.com\/staging-wptechsupport.com\/colleensparis\/wp-content\/uploads\/2012\/01\/DSC00347page.jpg?resize=272%2C300&#038;ssl=1\" alt=\"Saint Vincent Cemetery - Montmartre-Cimeti\u00e8re de Saint Vincent 6 rue Lucien Gaulard Paris 18th\" width=\"272\" height=\"300\" srcset=\"https:\/\/i0.wp.com\/staging-wptechsupport.com\/colleensparis\/wp-content\/uploads\/2012\/01\/DSC00347page.jpg?resize=272%2C300&amp;ssl=1 272w, https:\/\/i0.wp.com\/staging-wptechsupport.com\/colleensparis\/wp-content\/uploads\/2012\/01\/DSC00347page.jpg?w=563&amp;ssl=1 563w\" sizes=\"(max-width: 272px) 100vw, 272px\" \/><\/a>Dear Readers:<\/p>\n<p>This page is for information; I cannot do the search unfortunately.<\/p>\n<p>A reader searching for family graves asked to be helped finding a grave or someone to contact for information. This is what I suggested. If any readers have encountered this and have other solutions, please send the information to me.<\/p>\n<p><strong>Search<\/strong><br \/>\nUse the search words: <em>comment trouver un tombe a paris<\/em><\/p>\n<p>Google Search for: &#8220;the name&#8221; suresnes (town)<\/p>\n<p>I have &#8220;xed&#8221; out the names to protect the innocent &#8230;. But your search could turn out something like this:<\/p>\n<p><em>CAPAMxxxxxx, n\u00e9e NUxxxx (Mme LEVxx Bx), rue Boissi\u00e9re, 46 p (xvie), T 679-07. A CAPAZZA (Louis), avenue de Courbe- voie, 37 bis, \u00e0 Asni\u00e8res. AE-? &#8230;<\/em><\/p>\n<p>Google Search for: &#8220;the name with a different spelling&#8221; &#8211; suresnes (town)<br \/>\nAdditional information comes with a spelling change: <em>Lexxxx was the son of Nigxxs Bxxxx. He was born in Istanbul in 1855 and died in Paris in 1925. After graduating from the Ecoles des Beaux Arts in &#8230;<\/em><\/p>\n<p><strong>Contact<\/strong> the town where they were born, married, paid taxes, died<\/p>\n<p><strong>Sources of information<\/strong> (Use <a title=\"Google Translate\" href=\"http:\/\/translate.google.com\" target=\"_blank\" rel=\"noopener noreferrer\"><strong>Google Translate<\/strong><\/a> to read these articles in English):<\/p>\n<p>Mairie de Paris (Paris Mayor&#8217;s office) suggestions:<\/p>\n<ol>\n<li><strong>Archives de Paris<\/strong><\/li>\n<li><a title=\"Parisian archives\" href=\"http:\/\/canadp-archivesenligne.paris.fr\/\" target=\"_blank\" rel=\"noopener noreferrer\"><strong>Parisian archives<\/strong><\/a> are open to all and free<\/li>\n<li><strong>Communal archives<\/strong><\/li>\n<li><a title=\"Genealogie.com\" href=\"http:\/\/www.genealogie.com\/\" target=\"_blank\" rel=\"noopener noreferrer\"><strong>Genealogie.com<\/strong> <\/a><\/li>\n<li><a title=\"France-Obseques\" href=\"http:\/\/www.franceobseques.fr\/\" target=\"_blank\" rel=\"noopener noreferrer\"><strong>France Obs\u00e8ques<\/strong><\/a> to ask questions<\/li>\n<\/ol>\n","protected":false},"excerpt":{"rendered":"<p>Dear Readers: This page is for information; I cannot do the search unfortunately. A reader searching for family graves asked to be helped finding a grave or someone to contact&hellip;<\/p>\n","protected":false},"author":2,"featured_media":5459,"parent":9055,"menu_order":0,"comment_status":"open","ping_status":"open","template":"","meta":{"_monsterinsights_skip_tracking":false,"_monsterinsights_sitenote_active":false,"_monsterinsights_sitenote_note":"","_monsterinsights_sitenote_category":0,"_lmt_disableupdate":"","_lmt_disable":"","jetpack_post_was_ever_published":false,"footnotes":""},"class_list":["post-5456","page","type-page","status-publish","has-post-thumbnail","hentry"],"aioseo_notices":[],"jetpack_sharing_enabled":true,"jetpack-related-posts":[],"_links":{"self":[{"href":"https:\/\/staging-wptechsupport.com\/colleensparis\/wp-json\/wp\/v2\/pages\/5456","targetHints":{"allow":["GET"]}}],"collection":[{"href":"https:\/\/staging-wptechsupport.com\/colleensparis\/wp-json\/wp\/v2\/pages"}],"about":[{"href":"https:\/\/staging-wptechsupport.com\/colleensparis\/wp-json\/wp\/v2\/types\/page"}],"author":[{"embeddable":true,"href":"https:\/\/staging-wptechsupport.com\/colleensparis\/wp-json\/wp\/v2\/users\/2"}],"replies":[{"embeddable":true,"href":"https:\/\/staging-wptechsupport.com\/colleensparis\/wp-json\/wp\/v2\/comments?post=5456"}],"version-history":[{"count":14,"href":"https:\/\/staging-wptechsupport.com\/colleensparis\/wp-json\/wp\/v2\/pages\/5456\/revisions"}],"predecessor-version":[{"id":17401,"href":"https:\/\/staging-wptechsupport.com\/colleensparis\/wp-json\/wp\/v2\/pages\/5456\/revisions\/17401"}],"up":[{"embeddable":true,"href":"https:\/\/staging-wptechsupport.com\/colleensparis\/wp-json\/wp\/v2\/pages\/9055"}],"wp:featuredmedia":[{"embeddable":true,"href":"https:\/\/staging-wptechsupport.com\/colleensparis\/wp-json\/wp\/v2\/media\/5459"}],"wp:attachment":[{"href":"https:\/\/staging-wptechsupport.com\/colleensparis\/wp-json\/wp\/v2\/media?parent=5456"}],"curies":[{"name":"wp","href":"https:\/\/api.w.org\/{rel}","templated":true}]}}