{"id":4242,"date":"2011-11-11T11:40:18","date_gmt":"2011-11-11T10:40:18","guid":{"rendered":"https:\/\/www.colleensparis.com\/?page_id=3956"},"modified":"2015-03-10T17:25:17","modified_gmt":"2015-03-10T16:25:17","slug":"christmas-markets-in-paris","status":"publish","type":"page","link":"https:\/\/staging-wptechsupport.com\/colleensparis\/christmas-in-paris-2\/christmas-markets-in-paris\/","title":{"rendered":"Christmas Markets in Paris"},"content":{"rendered":"<p><a href=\"https:\/\/i0.wp.com\/staging-wptechsupport.com\/colleensparis\/wp-content\/uploads\/2011\/10\/DSC03506-1.jpg?ssl=1\" data-rel=\"penci-gallery-image-content\" ><img data-recalc-dims=\"1\" fetchpriority=\"high\" decoding=\"async\" data-attachment-id=\"3705\" data-permalink=\"https:\/\/staging-wptechsupport.com\/colleensparis\/dsc03506-1\/\" data-orig-file=\"https:\/\/i0.wp.com\/staging-wptechsupport.com\/colleensparis\/wp-content\/uploads\/2011\/10\/DSC03506-1.jpg?fit=2240%2C1477&amp;ssl=1\" data-orig-size=\"2240,1477\" data-comments-opened=\"1\" data-image-meta=\"{&quot;aperture&quot;:&quot;2.7&quot;,&quot;credit&quot;:&quot;&quot;,&quot;camera&quot;:&quot;DSC-H50&quot;,&quot;caption&quot;:&quot;&quot;,&quot;created_timestamp&quot;:&quot;1261850049&quot;,&quot;copyright&quot;:&quot;&quot;,&quot;focal_length&quot;:&quot;5.2&quot;,&quot;iso&quot;:&quot;100&quot;,&quot;shutter_speed&quot;:&quot;0.1&quot;,&quot;title&quot;:&quot;&quot;}\" data-image-title=\"Chalets along the Champs Elysees illuminated for Christmas\" data-image-description=\"\" data-image-caption=\"\" data-medium-file=\"https:\/\/i0.wp.com\/staging-wptechsupport.com\/colleensparis\/wp-content\/uploads\/2011\/10\/DSC03506-1.jpg?fit=300%2C197&amp;ssl=1\" data-large-file=\"https:\/\/i0.wp.com\/staging-wptechsupport.com\/colleensparis\/wp-content\/uploads\/2011\/10\/DSC03506-1.jpg?fit=800%2C527&amp;ssl=1\" class=\"alignleft size-medium wp-image-3705\" style=\"border: 2px solid black; margin: 10px;\" title=\"Chalets along the Champs Elysees illuminated for Christmas\" src=\"https:\/\/i0.wp.com\/staging-wptechsupport.com\/colleensparis\/wp-content\/uploads\/2011\/10\/DSC03506-1.jpg?resize=300%2C197&#038;ssl=1\" alt=\"Chalets along the Champs Elysees illuminated for Christmas\" width=\"300\" height=\"197\" srcset=\"https:\/\/i0.wp.com\/staging-wptechsupport.com\/colleensparis\/wp-content\/uploads\/2011\/10\/DSC03506-1.jpg?resize=300%2C197&amp;ssl=1 300w, https:\/\/i0.wp.com\/staging-wptechsupport.com\/colleensparis\/wp-content\/uploads\/2011\/10\/DSC03506-1.jpg?resize=1024%2C675&amp;ssl=1 1024w, https:\/\/i0.wp.com\/staging-wptechsupport.com\/colleensparis\/wp-content\/uploads\/2011\/10\/DSC03506-1.jpg?resize=171%2C111&amp;ssl=1 171w\" sizes=\"(max-width: 300px) 100vw, 300px\" \/><\/a><strong>Le Village de No\u00ebl des Champs-Elys\u00e9es<\/strong><br \/>\nNovember 19, 2011 to January 3, 2012<\/p>\n<p>For the 2010-2011 event, twelve million people visited the white chalets.<br \/>\nSunday to Thursday: 10 a.m. to 11 p.m.<br \/>\nFriday and Saturday: 10 a.m. to midnight<br \/>\nToilets will be set up within the Village.<br \/>\nA skating rink will be set up for the first time this year in the Village.<\/p>\n<p><strong>Maison de l&#8217;Alsace<\/strong> \u2028Lots of things Alsatians<br \/>\nNovember 24, 2011 to December 23, 2011; December 6 (5:30 p.m.) Children&#8217;s Gospel ChoirA Christmas market in the tastes, smells and colors of Alsace<\/p>\n<p>39 Avenue des Champs-Elys\u00e9es,Paris 8th<br \/>\nMetro: Line 1, Franklin Roosevelt or George V<br \/>\nOpen: 11 a.m. to 8 p.m.<\/p>\n<p><strong>Auteuil<\/strong><br \/>\nDecember 14, 2011 to December 18, 2011<br \/>\nThe Holidays in Auteuil\u2028 &#8211; About 60 merchants, space for creative design, the nativity scene with Provincial Santons from la Maison Fouque and live events.\u2028 Regional products and traditional Christmas ornaments.<\/p>\n<p>4 rue Jean de la Fontaine, Paris 16th<br \/>\nMetro: Line 9, Jasmin or line 10, Eglise d&#8217;Auteuil<br \/>\nDecember 1 to 24 \u202811 a.m. to 7 p.m.<\/p>\n<p><strong>Boulogne-Billancourt<\/strong><br \/>\nThursday, December 8, 2011 through Saturday, December 24, 2011<\/p>\n<p><em>&#8220;&#8230;. The big square, opposite the shopping centre, is welcomes the great Christmas Market. No less than 45 chalets, special events and a little train spread the magic of Christmas time to visitors&#8230;.&#8221;<\/em> Paris Info<\/p>\n<p><strong>Gare de l&#8217;Est<\/strong>\u2028 &#8211; The pride of Alsace<br \/>\nDecember 2 to December 17, 2011<br \/>\nEvery year the Christmas market at Gare de l&#8217;Est offers a large selection of Christmas decorations and fabrics. If you are interested in food, you will find Christmas cakes, pretzels, foie gras, wine, liqueurs, and Alsatian meats. Everything you need to set a beautiful Alsatian Christmas table.<\/p>\n<p>Place du 11 novembre 1918 in front of the Gare de l&#8217;Est, Paris 10th<br \/>\nMetro: Line 4, 5 and 7, Gare de l&#8217;Est<br \/>\n9 a.m. to 8 p.m.; Sunday 10 a.m. to 7 p.m.<\/p>\n<p><strong>La Defense Christmas Arche &#8211; Arche de la D\u00e9fense<\/strong><br \/>\nNovember 23 to December 27, 2011<br \/>\nConsidered to be the largest Christmas market in the Paris region. With nearly 350 chalets, the market attracts about one million visitors.\u2028 The market is an annual event since 1997 with original French crafts and regional food and decorations.<br \/>\nTake a photo with the French Santa? around 5 euros<\/p>\n<p>Esplanade de la D\u00e9fense<br \/>\nMetro: Line 1: Esplanade de la D\u00e9fense or RER Grande Arche<br \/>\n11 a.m. to 7:30 p.m. and open on Saturday until 8 p.m.<br \/>\n<strong><br \/>\nMontparnasse<\/strong> Christmas village March\u00e9 de No\u00ebl Montparnasse<br \/>\nDecember 5 to December 30, 2011<br \/>\nThe pride of French regional farm and wine products. \u2028The market with 40 chalets is situated at the foot of the Tour Montparnasse\u2028Prepare for tastings of meat products, cheeses and cakes.<\/p>\n<p>Place Raoul-Dautry Parvis de la Gare Montparnasse, Paris 15th<br \/>\nMetro: Line 4 and 6, Montparnasse-Bienvenue\u202810:30 a.m. to 7:30 p.m.<br \/>\nCentre commercial Maine-Montparnasse<\/p>\n<p><strong>Nation<\/strong> (<strong>Place de la Nation<\/strong>)<br \/>\nDecember 1 to 24, 2011 \u202810:30 a.m. to 7:30 p.m.<\/p>\n<p><em>&#8230; 17th edition of the Christmas Market at Place de la Nation, it is the \u2018craftsmen of the world\u2019 , for example: Russia, Vietnam, Peru, Thailand, India, Korea &#8230;.<\/em>&#8221; Paris Info<\/p>\n<p>The East Paris Grand Christmas Market<br \/>\nPlace de la Nation and Boulevard Voltaire, Paris 11th<br \/>\nMetro: Line 6 and 2, Nation<\/p>\n<p><strong>Place d&#8217;Italie<\/strong>, Paris 13th<br \/>\nNovember 25 to December 24, 2011<br \/>\n20 chalets<br \/>\n1, Place d&#8217;Italie<br \/>\nMetro: Place d\u2019Italie<\/p>\n<p><strong>Saint-Germain-des-Pr\u00e9s Santa&#8217;s village (No\u00ebl at Saint-Germain des Pr\u00e9s<\/strong>) \u2028(Le village du P\u00e8re No\u00ebl)<br \/>\nDecember 2, 2011 to January 2, 2012<br \/>\nA group of richly decorated chalets are awaiting when you exit metro Saint-Germain. The little chalets are installed around the church.<\/p>\n<p>Place Saint-Germain des Pr\u00e9s, Paris 6th<br \/>\nMetro: Line 4, Saint-German des Pr\u00e9s<br \/>\n10:30 a.m. to 7:30 p.m.<\/p>\n<p><strong>Saint-Lazare<\/strong> &#8211; \u2028A small taste of Alsace<br \/>\nCour de Rome facing Gare Saint-Lazare, Paris 8th<br \/>\nMetro: Lines 3, 12 and 13, Gare Saint-Lazare<br \/>\nLast Sunday in November to December 31\u202810:30 a.m. to 7:30 p.m.<\/p>\n<p><strong>Saint-Sulpice<\/strong><br \/>\nDecember 1, 2011 t0 December 24, 2011<br \/>\nPlace Saint-Sulpice<\/p>\n<p><strong>Trocad\u00e9ro &#8211; European Christmas Village<\/strong><br \/>\nDecember 8, 2011 t0 January 2, 2012<br \/>\nopposite the Eiffel Tower \u2028- 100 chalets, skating rink, mountain theme of Hautes Alpes, regional food and international.<br \/>\nJardins du Trocad\u00e9ro, Paris 16th<\/p>\n","protected":false},"excerpt":{"rendered":"<p>Le Village de No\u00ebl des Champs-Elys\u00e9es November 19, 2011 to January 3, 2012 For the 2010-2011 event, twelve million people visited the white chalets. Sunday to Thursday: 10 a.m. to&hellip;<\/p>\n","protected":false},"author":2,"featured_media":3705,"parent":3998,"menu_order":0,"comment_status":"open","ping_status":"open","template":"","meta":{"_monsterinsights_skip_tracking":false,"_monsterinsights_sitenote_active":false,"_monsterinsights_sitenote_note":"","_monsterinsights_sitenote_category":0,"_lmt_disableupdate":"","_lmt_disable":"","jetpack_post_was_ever_published":false,"footnotes":""},"class_list":["post-4242","page","type-page","status-publish","has-post-thumbnail","hentry"],"aioseo_notices":[],"jetpack_sharing_enabled":true,"jetpack-related-posts":[],"_links":{"self":[{"href":"https:\/\/staging-wptechsupport.com\/colleensparis\/wp-json\/wp\/v2\/pages\/4242","targetHints":{"allow":["GET"]}}],"collection":[{"href":"https:\/\/staging-wptechsupport.com\/colleensparis\/wp-json\/wp\/v2\/pages"}],"about":[{"href":"https:\/\/staging-wptechsupport.com\/colleensparis\/wp-json\/wp\/v2\/types\/page"}],"author":[{"embeddable":true,"href":"https:\/\/staging-wptechsupport.com\/colleensparis\/wp-json\/wp\/v2\/users\/2"}],"replies":[{"embeddable":true,"href":"https:\/\/staging-wptechsupport.com\/colleensparis\/wp-json\/wp\/v2\/comments?post=4242"}],"version-history":[{"count":9,"href":"https:\/\/staging-wptechsupport.com\/colleensparis\/wp-json\/wp\/v2\/pages\/4242\/revisions"}],"predecessor-version":[{"id":12635,"href":"https:\/\/staging-wptechsupport.com\/colleensparis\/wp-json\/wp\/v2\/pages\/4242\/revisions\/12635"}],"up":[{"embeddable":true,"href":"https:\/\/staging-wptechsupport.com\/colleensparis\/wp-json\/wp\/v2\/pages\/3998"}],"wp:featuredmedia":[{"embeddable":true,"href":"https:\/\/staging-wptechsupport.com\/colleensparis\/wp-json\/wp\/v2\/media\/3705"}],"wp:attachment":[{"href":"https:\/\/staging-wptechsupport.com\/colleensparis\/wp-json\/wp\/v2\/media?parent=4242"}],"curies":[{"name":"wp","href":"https:\/\/api.w.org\/{rel}","templated":true}]}}