{"id":4046,"date":"2011-11-18T15:28:19","date_gmt":"2011-11-18T14:28:19","guid":{"rendered":"https:\/\/www.colleensparis.com\/blog\/?page_id=4046"},"modified":"2014-06-10T19:30:57","modified_gmt":"2014-06-10T17:30:57","slug":"how-to-write-a-letter-to-the-french-santa","status":"publish","type":"page","link":"https:\/\/staging-wptechsupport.com\/colleensparis\/christmas-in-paris-2\/how-to-write-a-letter-to-the-french-santa\/","title":{"rendered":"How To Write A Letter To The French Santa"},"content":{"rendered":"<p><strong>La Poste<\/strong>, the French postal service, operates a Web site to <strong>write a letter<\/strong> to the French Santa (P\u00e8re No\u00ebl) and for <strong>games and costumes<\/strong>. I have translated the instructions for writing your letter, playing the games and enjoying the other activities.<\/p>\n<p>Enjoy Santa&#8217;s workshop (child or adult!) and the games arcade! Read the story: &#8220;<a title=\"Santa's Workshop Is Open For Business\" href=\"https:\/\/staging-wptechsupport.com\/colleensparis\/2011\/11\/18\/santas-workshop-is-open-for-business\/\"><strong>Santa&#8217;s Workshop Is Open For Business<\/strong><\/a>&#8220;.<\/p>\n<p>The site is filled with cartoon characters decorating a room, playing games in the snow under the tree, making costumes and masks, etc.<\/p>\n<p>Everything written is in French but the fun is multi-lingual.<\/p>\n<p>Keep reading and find out about more of the magic waiting for you in Santa&#8217;s workshop.<\/p>\n<p>I hope these translations are easy to follow:<\/p>\n<p>Skip the Introduction<strong><\/strong><em><strong> (Passer l&#8217;animation<\/strong><\/em>)<\/p>\n<p>Star at bottom of pages &#8211; Return (<em><strong>Retour<\/strong><\/em>)<\/p>\n<p><strong>Writing to Santa<\/strong><br \/>\nEnter the Web site: (<strong><em>Clique ici pour entree!<\/em><\/strong>)<br \/>\nClick on &#8220;<em><strong>Ecrire au P\u00e8re No\u00ebl<\/strong><\/em>&#8220;(Write to Santa)<br \/>\nFollow this translation:<br \/>\nYour address &#8211; (Step 1 of 3)<strong> ton adresse<\/strong><\/p>\n<p>Your age<br \/>\nYour first name<br \/>\nYour name<br \/>\n(France only) write which floor you live onIn (France only) your building number<br \/>\nYour street<br \/>\n(France only) box number<br \/>\nYour zip code (<em><strong>code postal<\/strong><\/em>)<br \/>\nCity (<em><strong>ville<\/strong><\/em>)<br \/>\nCountry (pays &#8211; click on <strong>Etats-Unis<\/strong>)<br \/>\nemail (<em><strong>courriel<\/strong><\/em>) is optional<\/p>\n<p>Click on the arrow (suite)<\/p>\n<p><strong>Step 2 of 3 (Etape 2 sur 3)<\/strong><br \/>\nWrite a message to Santa Clause (P\u00e8re No\u00ebl) &#8211; 45 lines maximum<br \/>\nSanta&#8217;s secretary does not open letters until November 22.<\/p>\n<p><strong>Step 3 of 3 (Etape 3 sur 3)<\/strong> is a verification.<br \/>\nThe little bird says:<br \/>\n&#8220;Before sending this letter, check that your address is correct. Otherwise, you will not receive your card.&#8221;<\/p>\n<p><strong>Then you post the letter.<\/strong><\/p>\n<p>The response:<br \/>\n&#8220;Thank you for your nice letter! Check your mailbox because soon you will receive a letter from me. Have fun in my shop!&#8221;<\/p>\n<p><strong>Close the window<\/strong> (<strong><em>Fermer la fen\u00eatre<\/em><\/strong>)<\/p>\n<p><strong>You can Invite a friend<\/strong> (<strong><em>Inviter un ami(e)<\/em><\/strong>)<br \/>\nThe email form opens. In the &#8220;To&#8221; section type in your friend&#8217;s email address.<br \/>\nThe subject says: &#8220;Discover Santa&#8217;s Web site&#8221;.<br \/>\nThe body text is as follows:<\/p>\n<p>&#8220;Hi,<br \/>\nDiscover the games, dress-up and activities in Santa&#8217;s workshop while you are getting ready for Christmas. Visit <strong>La Poste<\/strong>\u00a0 and send a letter to Santa!<\/p>\n<p>See you soon,&#8221;<\/p>\n<h3><strong>How to Play the Games<\/strong><\/h3>\n<p><strong>Atelier D\u00e9coration<\/strong><br \/>\nThe rotating icons in the upper right-hand corner are different animated pages.<br \/>\nStar: home page<br \/>\nVideo console: Toy shop: <em><strong>Atelier jeux<\/strong><\/em><br \/>\nScissors: Sewing shop: <em><strong>Atelier couture<\/strong><\/em><br \/>\nEnvelope: Write to Santa: <em><strong>Ecrire au P\u00e8re No\u00ebl<\/strong><\/em><br \/>\nLittle girl: The Bonus page: <em><strong>Canal bonus<\/strong><\/em><br \/>\nPaint brush: Artist gallery: <em><strong>Galerie des artistes<\/strong><\/em><\/p>\n<p><strong>What to Do:<\/strong><\/p>\n<p>With the Chef, stream, and fishing characters, click on the characters and images to animate.<br \/>\nRecettes: Discover recipes from P\u00e8re No\u00ebl (in French from 2010 and 2011)<\/p>\n<p><strong>Costumes<\/strong><br \/>\nOn the couture pages, hover the cursor and click on the characters for different projects. Make your accessories (R\u00e9alise tes accessories) Make your costumes (<em><strong>R\u00e9alise tes d\u00e9guisements<\/strong><\/em>)<br \/>\nMasks (<em><strong>Tes masques de d\u00e9guisement<\/strong><\/em>)<br \/>\nWings (<em><strong>Les ailes de f\u00e9e<\/strong><\/em>)<br \/>\nHat, collar, purse, the elf (<strong>Le chapeau, la collerette, la bourse de lutin<\/strong>)<br \/>\nInstructions to make a panda<\/p>\n<p><strong>Toy shop<\/strong><br \/>\n<strong>Flipper\/Pinball<\/strong> (<em><strong>Joue au flipper<\/strong><\/em>) Play (<em><strong>Jouer<\/strong><\/em>)<br \/>\nUse the &#8220;L&#8221; key to lance the ball<br \/>\nUse &#8220;D&#8221; and &#8220;K&#8221; to work the flippers<br \/>\nReturn to the toy shop (<em><strong>Retour \u00e0 l&#8217;Atelier Jeux<\/strong><\/em>)<\/p>\n<p>Put the <strong>puzzle<\/strong> together (<em><strong>Joue au puzzle<\/strong><\/em>)<br \/>\nClick on a puzzle piece, move it with your mouse<br \/>\nTwo levels of difficulty using either 9 or 24 puzzle pieces<\/p>\n<p><strong>Hit the target<\/strong> (<em><strong>Joue au tape tape bonhommes<\/strong><\/em>)<br \/>\nEach of character has a different value. Use your mouse as a hammer. Watch out though, if you hit the little boy accidentally, you lose 25 of your points.<\/p>\n<p><strong>Artist Gallery (<em>Galerie des Artistes)<\/em><\/strong><br \/>\nClick here to find out where to send your drawings.<br \/>\nEvery week Santa Clause will choose ten drawings that will be posted in the gallery with the name and age of the little artist. If you want to participate, send your drawing (on A4 paper or you could try it with 8 \u00bd&#8221; by 11&#8243;) between November 2 and 25 to:<br \/>\n<em><strong>Dessins pour le P\u00e8re No\u00ebl<\/strong><\/em> (Drawings for Santa)<br \/>\nSpiderdreams<br \/>\n65 rue du rocher<br \/>\n75008 Paris<br \/>\nPrint (<em><strong>Imprimer<\/strong><\/em>)<br \/>\nDownload\u00a0 (<em><strong>T\u00e9l\u00e9charger<\/strong><\/em>)<\/p>\n<p><strong>Canal Bonus<\/strong> (TV screen at the top of the page)<br \/>\n<strong>e-cards (<em>Les e-cartes<\/em>)<\/strong><br \/>\nChoose your decoration (<em><strong>choisis ton d\u00e9cor<\/strong><\/em>)<br \/>\nPersonalize your e-card (<em><strong>Personnalise ta e-carte<\/strong><\/em>)<br \/>\n<strong>Decorating Tips:<\/strong><br \/>\nHover your cursor over an image on the left card. Slide it over to the card to the right.<br \/>\nTo make the image larger, hover and hold your cursor on the image, pressing the up or down arrow.<br \/>\nTo rotate the image, hover and hold your cursor on the image, pressing the left or right arrow.<br \/>\nWrite your message (<em><strong>Ecris ton message<\/strong><\/em>)<\/p>\n<p>Your first name (<em><strong>ton pr\u00e9nom<\/strong><\/em>)<br \/>\nYour email address (<em><strong>ton adresse e-mail<\/strong><\/em>)<br \/>\nYour friend&#8217;s address <em><strong>(l&#8217;adresse e-mail de ton ami(e)<\/strong><\/em><br \/>\nYour message (<em><strong>Ton message<\/strong><\/em>)<br \/>\nSend your card (<em><strong>Evoie ta e-carte<\/strong><\/em>)<br \/>\nBravo! Your e-card was successfully sent to your friend.<\/p>\n<p><strong>Screen backgrounds (<em>Fonds d&#8217;\u00e9cran<\/em>)<\/strong><br \/>\nClick on the size you want, the image opens in a browser window.<br \/>\nRight click to save as a screen background<\/p>\n<p><strong>Animated Cartoons (Dessins anim\u00e9s)<\/strong><br \/>\nDownload Santa&#8217;s animated cartoons and choose your format preference (.mov or .avi)<\/p>\n<p>Two of the bonuses are not yet ready when I am writing this &#8220;reportages&#8221; and &#8220;La T\u00e9l\u00e9 du P\u00e8re No\u00ebl&#8221; <em><strong>(\u00e0 venir<\/strong><\/em>)<\/p>\n","protected":false},"excerpt":{"rendered":"<p>La Poste, the French postal service, operates a Web site to write a letter to the French Santa (P\u00e8re No\u00ebl) and for games and costumes. I have translated the instructions&hellip;<\/p>\n","protected":false},"author":2,"featured_media":0,"parent":3998,"menu_order":0,"comment_status":"open","ping_status":"open","template":"","meta":{"_monsterinsights_skip_tracking":false,"_monsterinsights_sitenote_active":false,"_monsterinsights_sitenote_note":"","_monsterinsights_sitenote_category":0,"_lmt_disableupdate":"","_lmt_disable":"","jetpack_post_was_ever_published":false,"footnotes":""},"class_list":["post-4046","page","type-page","status-publish","hentry"],"aioseo_notices":[],"jetpack_sharing_enabled":true,"jetpack-related-posts":[],"_links":{"self":[{"href":"https:\/\/staging-wptechsupport.com\/colleensparis\/wp-json\/wp\/v2\/pages\/4046","targetHints":{"allow":["GET"]}}],"collection":[{"href":"https:\/\/staging-wptechsupport.com\/colleensparis\/wp-json\/wp\/v2\/pages"}],"about":[{"href":"https:\/\/staging-wptechsupport.com\/colleensparis\/wp-json\/wp\/v2\/types\/page"}],"author":[{"embeddable":true,"href":"https:\/\/staging-wptechsupport.com\/colleensparis\/wp-json\/wp\/v2\/users\/2"}],"replies":[{"embeddable":true,"href":"https:\/\/staging-wptechsupport.com\/colleensparis\/wp-json\/wp\/v2\/comments?post=4046"}],"version-history":[{"count":18,"href":"https:\/\/staging-wptechsupport.com\/colleensparis\/wp-json\/wp\/v2\/pages\/4046\/revisions"}],"predecessor-version":[{"id":11577,"href":"https:\/\/staging-wptechsupport.com\/colleensparis\/wp-json\/wp\/v2\/pages\/4046\/revisions\/11577"}],"up":[{"embeddable":true,"href":"https:\/\/staging-wptechsupport.com\/colleensparis\/wp-json\/wp\/v2\/pages\/3998"}],"wp:attachment":[{"href":"https:\/\/staging-wptechsupport.com\/colleensparis\/wp-json\/wp\/v2\/media?parent=4046"}],"curies":[{"name":"wp","href":"https:\/\/api.w.org\/{rel}","templated":true}]}}