{"id":3976,"date":"2011-11-09T17:46:48","date_gmt":"2011-11-09T16:46:48","guid":{"rendered":"https:\/\/www.colleensparis.com\/blog\/?page_id=3976"},"modified":"2023-01-07T17:15:13","modified_gmt":"2023-01-07T16:15:13","slug":"christmas-lights-windows-and-the-ferris-wheel","status":"publish","type":"page","link":"https:\/\/staging-wptechsupport.com\/colleensparis\/christmas-in-paris-2\/christmas-lights-windows-and-the-ferris-wheel\/","title":{"rendered":"Christmas Lights, Windows, the Ferris Wheel, Merry-Go-Rounds 2011"},"content":{"rendered":"\n<h3 class=\"wp-block-heading\"><strong>What&#8217;s on this page:<\/strong><\/h3>\n\n\n\n<p><strong>Decorated Streets<\/strong> (go to the bottom of the page)<br \/><strong>Department store Christmas windows<\/strong><br \/><strong>Ice Skating<\/strong><br \/><strong>Illuminations (Christmas Lights)<\/strong><br \/><strong>Ferris Wheel (Grande Roue)<\/strong><br \/><strong>Grand Palais Jours de F\u00eates<\/strong><br \/><strong>Merry-Go-Rounds\/Carrousels<\/strong> and More<br \/><a title=\"Christmas markets\" href=\"https:\/\/staging-wptechsupport.com\/colleensparis\/annual-events\/christmas-in-paris-2\/christmas-markets-in-paris\/\"><strong>Christmas Markets<\/strong><\/a><\/p>\n\n\n\n<h3 class=\"wp-block-heading\"><strong>Other Stories:<\/strong><\/h3>\n\n\n\n<p><strong>Christmas <a title=\"Decorations With A Paris Theme\" href=\"https:\/\/staging-wptechsupport.com\/colleensparis\/2010\/12\/04\/christmas-decorations-with-a-paris-theme\/\">Decorations With A Paris Theme<\/a><\/strong><br \/><a title=\"More Cute Decorations\" href=\"https:\/\/staging-wptechsupport.com\/colleensparis\/2010\/12\/02\/cute-christmas-decorations-in-montmartre\/\"><strong>More Cute Decorations<\/strong><\/a><br \/><a title=\"With Kids In Paris At Christmas\" href=\"https:\/\/staging-wptechsupport.com\/colleensparis\/2010\/12\/14\/with-kids-in-paris-at-christmas\/\"><strong>With Kids In Paris At Christmas<\/strong><\/a><\/p>\n\n\n\n<h3 class=\"wp-block-heading\"><strong>Department store Christmas windows<\/strong><\/h3>\n\n\n\n<p><strong>Galeries Lafayette<\/strong><br \/>End of first week in November &nbsp;to mid-January<br \/>Metro: Chauss\u00e9e d&#8217;Antin<\/p>\n\n\n\n<p><strong>Printemps<\/strong><br \/>End of first week in November &nbsp;to mid-January<br \/>Metro: Havre-Caumartin<\/p>\n\n\n\n<p><strong>Meet Santa<\/strong> at Printemps between December 1 and 24 between 10 a.m. and 8 p.m.<br \/>First level, in the Beaut\u00e9-Maison building (Beauty and Home Store). Photos with Santa are available for five euros.<\/p>\n\n\n\n<p><strong>BHV (Bazar de l&#8217;H\u00f4tel de Ville)<\/strong><br \/>Begins second week in November<br \/>52, rue de Rivoli, Paris 4th<br \/>Metro: Hotel de Ville<\/p>\n\n\n\n<p>Christmas at <strong>Le Bon March\u00e9<\/strong><br \/>First Tuesday in December<br \/>24, rue de S\u00e8vres, Paris 7th<br \/>Bus: 39 63 38 70 83 84 87 94<br \/>Metro: Sevres-Babylone<\/p>\n\n\n\n<h3 class=\"wp-block-heading\"><strong>Ice Skating<\/strong><\/h3>\n\n\n\n<p><strong>H\u00f4tel de Ville<\/strong><br \/>Two rinks skating rinks are open at H\u00f4tel de Ville between the second week in December until the beginning of March. One rink is for grown ups and the other is reserved for those under six.<br \/>Licensed rink monitors will keep an eye on the different skating levels (beginners, old-hands, groups) to help with technical tips and keep the peace.<\/p>\n\n\n\n<p>Patinoire de l&#8217;H\u00f4tel de Ville.<br \/>Place de l&#8217;H\u00f4tel de Ville, Paris 4th<br \/>Metro: H\u00f4tel de Ville (Lines 1 and 11)<\/p>\n\n\n\n<p>Open: Monday to Friday noon to 10 p.m.; Saturday and Sunday 9 a.m. to 10 p.m.<br \/>Free lessons (in French) for beginners, demonstrations, hockey, etc. Saturday and Sunday morning 10 a.m. to noon<br \/>Weekday mornings are reserved for various groups and centers in the city of Paris, including handicapped<\/p>\n\n\n\n<p>Access to the skating rink is free for those with their own skates.<br \/>Others may rent skates for five euros. The available sizes (European) are 25 to 49. Two-blade skates (size 27 and smaller) are available for children.<br \/>A photo ID is required to rent the skates.<br \/>For safety reasons, you must wear gloves.<\/p>\n\n\n\n<p><strong>&nbsp;Champs-Elys\u00e9es<\/strong><br \/>They say the concept is simple: You grab your skates and head out to the center of the ice. You will be totally immersed in a magic Scandinavian ambiance. Surrounded by 600 fir trees, imagine yourself skating through a Canadian forest.<\/p>\n\n\n\n<p><strong>Where<\/strong>: March\u00e9 de No\u00ebl &#8211; Champs Elys\u00e9es<br \/><strong>When<\/strong> : Open from second week in November to January 1, included; 10 a.m. to 10 p.m.<br \/><strong>How much<\/strong> : Five euros<br \/><strong>\u2028Transportation<\/strong>: <strong>Metro<\/strong>: Lines 1 and 13; Champs-Elys\u00e9es Cl\u00e9menceau<br \/><strong>Bus lines<\/strong>: 42, 73, 83, 93, N11 and N24<br \/><strong>More information<\/strong>: Village de No\u00ebl des Champs-Elys\u00e9es<\/p>\n\n\n\n<p><strong>Trocad\u00e9ro on Ice<\/strong><br \/>Check for details. Le village de No\u00ebl Trocad\u00e9ro on Ice connects the holiday tradition of all the European countries on this 330 m2 skating rink and a 200m2 snowshoe path (<em>parcours raquette<\/em>)<\/p>\n\n\n\n<p><strong>Where<\/strong>: Trocad\u00e9ro face \u00e0 la Tour Eiffel<br \/><strong>When<\/strong> : First week in December to January 2 &#8211; 11 a.m. to 9 p.m.<br \/><strong>How much<\/strong> : Skating: five euros 5 euros.\u2028Snowshoe path : four euros<br \/><strong>More information<\/strong>: Trocad\u00e9ro on Ice<\/p>\n\n\n\n<h3 class=\"wp-block-heading\"><strong>Illuminations &#8211; Christmas lights<\/strong><\/h3>\n\n\n\n<p><strong>Avenue des Champs Elys\u00e9es<\/strong><br \/>Third week in November to the end of the first week in January<br \/>Avenue des Champs-Elys\u00e9es, Paris 8th<br \/>Metro: Line 1 between Charles de Gaulle Etoile and Concorde<br \/>RER: Charles de Gaulle &#8211; Etoile<\/p>\n\n\n\n<p>The illuminations for the holidays on <a title=\"Champs-Elysees (statistics)\" href=\"https:\/\/staging-wptechsupport.com\/colleensparis\/annual-events\/christmas-in-paris-2\/champs-elysees-statistics-at-christmas-time\/\"><strong>Champs-Elys\u00e9es (statistics)<\/strong><\/a> are already sparkling in the daylight. The shimmering mirrors attached to the trees light up even on a grey day.<\/p>\n\n\n\n<p><a title=\"Avenue Montaigne\" href=\"http:\/\/en.parisinfo.com\/show-exhibition\/1375795\/christmas-lights-avenue-montaigne\" target=\"_blank\" rel=\"noopener noreferrer\"><strong>Avenue Montaigne<\/strong><\/a><br \/>Third week in November to end of first week in January<br \/>Paris, 8th<br \/>Metro: Alma Marceau<br \/>RER : Pont de l&#8217;Alma<\/p>\n\n\n\n<p><strong><a title=\"Bercy Village\" href=\"http:\/\/en.parisinfo.com\/show-exhibition\/1375801\/christmas-lights-bercy-village\" target=\"_blank\" rel=\"noopener noreferrer\">Bercy Village <\/a><\/strong>:&nbsp; Tenth annual Christmas lights<br \/>Third week in November to end of first week in January<br \/>Cour Saint Emilion, Paris 12th<br \/>Metro: Cour Saint-Emilion<br \/>Bus : 24 64 109 111<br \/>\u201cA star-spangled sky will illuminate Bercy Village, a village dating back to the Middle Ages.<\/p>\n\n\n\n<p>The \u2018light designer\u2019 artist Gilbert Moity has come up with a strange and fascinating concept: a ceiling of stars and snowflakes composed of neon tubes mounted on aluminium structures. Simple but very vivid colours invite visitors into a spirit of contemplation.<\/p>\n\n\n\n<p><a title=\"Place Vendome\" href=\"http:\/\/en.parisinfo.com\/show-exhibition\/1375802\/christmas-lights-place-vendome\" target=\"_blank\" rel=\"noopener noreferrer\"><strong>Place Vend\u00f4me<\/strong><\/a><br \/>Third week in November to January<br \/>Paris 1st<br \/>Metro: Concorde, Tuileries, Pyramides<\/p>\n\n\n\n<p><em>&#8220;&#8230;Place Vend\u00f4me, rue de la Paix, rue de Castiglione, rue Saint-Honor\u00e9 and rue des Capucines &#8230; Waterfalls of light, showers of stars, enormous chandeliers \u2026.&#8221;<\/em> Paris Info<\/p>\n\n\n\n<p><strong>&nbsp;<a title=\"Forum des Halles\" href=\"http:\/\/en.parisinfo.com\/show-exhibition\/1375803\/christmas-lights-at-forum-des-halles\" target=\"_blank\" rel=\"noopener noreferrer\">Forum des Halles<\/a> (silent &#8220;H&#8221;)<\/strong><br \/>From the second week in November to end of first week in January<\/p>\n\n\n\n<p>Open entrances during construction: Rues Rambuteau, Pierre Lescot et Berger, Paris 1st<br \/>Metro: <a title=\"Forum des Halles\" href=\"http:\/\/www.forumdeshalles.com\/W\/do\/centre\/accueil\" target=\"_blank\" rel=\"noopener noreferrer\">Forum des Halles<\/a><br \/>RER : Ch\u00e2telet Les Halles<\/p>\n\n\n\n<h3 class=\"wp-block-heading\"><strong>Ferris Wheel<\/strong><\/h3>\n\n\n\n<p><strong>La Grande Roue sur la place de la Concorde<\/strong><br \/>Second week in November to mid-February<br \/>Place de la Concorde, entrance of Tuileries Gardens<br \/>Adults: 10 euros, no reservations and no group prices<br \/>Children: 5 euros<br \/>Place de la Concorde, Paris 8th<br \/>Metro: Concorde<br \/>RER : Charles de Gaulle &#8211; Etoile<\/p>\n\n\n\n<h3 class=\"wp-block-heading\"><strong>Jours de F\u00eates au Grand Palais<\/strong><\/h3>\n\n\n\n<p><a title=\"Grand Palais\" href=\"http:\/\/www.grandpalais.fr\/en\/programmation\" target=\"_blank\" rel=\"noopener noreferrer\"><strong>Grand Palais<\/strong><\/a> &#8211; Under the Nave<br \/>Mid-December to January 2<\/p>\n\n\n\n<p><em>&#8220;For the third time, the Grand Palais has chosen the very special atmosphere of the fairground to see out the old year and usher in the new. The event brings fun for all the family and has proven enormously popular, drawing no fewer than 250,000 visitors.<\/em><br \/><em> The attractions will include: a Ferris wheel, merry-go-rounds, candy floss, toffee apples and plenty of surprises. Pure pleasure for children and parents alike.&#8221;<\/em> -RMN\/GP<br \/>Opening times: from 11 a.m. to 11:30 p.m. (closed December 24 and 31)<\/p>\n\n\n\n<p>Admission: Adult 15 euros Children 10 euros<br \/>Past<strong> Jours de F\u00eates<\/strong><\/p>\n\n\n\n<h3 class=\"wp-block-heading\"><strong>Merry-go-round\/Carrousels<\/strong><\/h3>\n\n\n\n<p>Ride the merry-go-round\/carrousels in Paris <strong>for free during the holidays<\/strong>.<br \/>The twenty Holiday carrousels are open <strong>every day 10 a.m. to 7 p.m.<\/strong> from a Saturday mid-December to January 1.<\/p>\n\n\n\n<p>These carrousels turent counterclockwise (&#8220;dans le sens inverse des aiguilles d\u2019une mounter&#8221;) so the children can wave hello to the crowd and their parents with their right hand.<\/p>\n\n\n\n<p>Locations:<br \/>Square du Temple, Paris 3rd<br \/>Place de l\u2019H\u00f4tel de Ville (rue de Rivoli side), Paris 4th<br \/>Place de l\u2019H\u00f4tel de Ville (Seine side), Paris 4th<br \/>Next to the Square Saint-M\u00e9dard, Paris 5th<br \/>Place de l\u2019Od\u00e9on, Paris 6th<br \/>Place Joffre, Paris 7th<br \/>Place de la Concorde, Paris 8th<br \/>Place de la Madeleine, Paris 8th<br \/>Place Lino Ventura, Paris 9th<br \/>Square Bonsergent, Paris 10th<br \/>Square du P\u00e8re Chaillet, Paris 11th<br \/>Place de la Mairie, 130 Avenue Daumesnil, Paris 12th<br \/>Place d\u2019Italie (angle of Place d\u2019Italie and Avenue d\u2019Italie ), Paris 13th<br \/>Angle of the streets Didot et Jacquier, Paris 14th<br \/>Place Raoul Dautry, Paris 15th<br \/>Place du Trocad\u00e9ro, Paris 16th<br \/>Place du Docteur F\u00e9lix Lobligeois, Paris 17th<br \/>Square Louise Michel, Paris 18th<br \/>Place Armand Carrel, Paris 19th<br \/>Rue Belgrand, Paris 20th<\/p>\n\n\n\n<h3 class=\"wp-block-heading\"><strong>Decorated Streets in Paris<\/strong><\/h3>\n\n\n\n<p>First arrondissement<br \/>Rue de Rivoli (entre les rues Sainte Opporturne et Perrault)<br \/>Rue de l\u2019Arbre Sec (entre les rues de l\u2019Arbre Sec et du Pont Neuf)<br \/>Rue Saint-Honor\u00e9 (entre les rues Sainte Opportune et Perrault)<br \/>Rue des Prouvaires (au niveau de la rue Berger)<br \/>Rue du Roule (au niveau de la rue de Rivoli)<br \/>Rue Bertin Poir\u00e9e (\u00e0 hauteur de la rue Jean Lantier)<br \/>Rue Berger (Bistrot d\u2019Eustache)<br \/>Quai de la Megisserie<\/p>\n\n\n\n<p>Second arrondissement<br \/>Grands Boulevards<\/p>\n\n\n\n<p>Third arrondisement<br \/>Square de l\u2019horloge<br \/>Rue Rambuteau<br \/>Rue Saint-Martin<br \/>Passage des M\u00e9n\u00e9triers<\/p>\n\n\n\n<p>Fourth arrondissement<br \/>Rue Rambuteau (entre le Bd de Sebastopol et la rue Saint-Martin)<br \/>Rue des Archives<\/p>\n\n\n\n<p>Fifth arrondissement<br \/>Rue Galande<br \/>Rue de la Huchette<br \/>Rue Xavier Privas<br \/>Rue du Petit Pont<br \/>Rue Dante<br \/>Rue de la Harpe<br \/>Rue Fr\u00e9d\u00e9ric Sauton<br \/>Bd Saint Germain<\/p>\n\n\n\n<p>Sixth arrondissement<br \/>Rue Saint-Placide<br \/>Rue de S\u00e8vre<br \/>Rue du cherche-midi<br \/>Boulevard Saint-Germain from rue des Saints-P\u00e8res to Od\u00e9on, as well as Place Saint-Germain des Pr\u00e9s<\/p>\n\n\n\n<p>Seventh arrondissement<br \/>Rue Clerc<br \/>Rue de Grenelle<br \/>Rue du Champ de Mars<br \/>Bd Saint-Germain between the angle of rue du Bac and Saint-Germain and rue des Saints P\u00e8res<br \/>Place Ren\u00e9 Char<br \/>Rue des Saints p\u00e8res<br \/>Rue de Verneuil<br \/>Rue de Grenelle (between Boulevard Raspail and rue de S\u00e8vres)<br \/>Rue des Saints-P\u00e8res (between rue de S\u00e8vres and Boulevard Saint-Germain)<\/p>\n\n\n\n<p>Eighth arrondissement<br \/>Rue du Faubourg Saint-Honor\u00e9<br \/>Rue Vignon<br \/>Rue de Castellane<br \/>Rue des Mathurins<br \/>Rue Greffulhe<br \/>Rue de l\u2019Arcade<br \/>Avenue des Champs Elys\u00e9es<\/p>\n\n\n\n<p>Ninth arrondissement<br \/>Rue des Martyrs<br \/>Rue Caumartin<br \/>Rue Joubert<br \/>Rue Mogador<br \/>Rue de la Chauss\u00e9e d\u2019Antin<br \/>Boulevard Beaumarchais<br \/>Rue Amelot<br \/>Rue du pas de la Mule<\/p>\n\n\n\n<p>Eleventh arrondissement<\/p>\n\n\n\n<p>Rue Oberkampf from Boulevardd Richard Lenoir to Avenue de la R\u00e9publique<\/p>\n\n\n\n<p>Twelfth arrondissement<br \/>Boulevard de Reuilly<br \/>Rue de Charenton<br \/>Place Dugommier<br \/>Carrefour Taine and Charenton<\/p>\n\n\n\n<p>Thirteenth arrondissement<br \/>Avenue des Gobelins<br \/>Avenue d\u2019Italie<br \/>Place d\u2019Italie<br \/>Avenue de Choisy from Place d\u2019Italie to rue de Tolbiac<br \/>Avenue d\u2019Ivry beginning Boulevard Massena until rue de Tolbiac<br \/>Fa\u00e7ade of the Centre Commercial (Shopping Center) Place d\u2019Italie<br \/>Avenue d\u2019Italie jusqu\u2019\u00e0 la rue Vandrezanne<\/p>\n\n\n\n<p>Fourteenth arrondissement<br \/>Rue Daguerre<br \/>Rue Boulard<br \/>Rue d\u2019Al\u00e9sia (from No. 60 to No. 140)<br \/>Rue des Plantes<br \/>Rue Raymond Losserand<\/p>\n\n\n\n<p>Fifteenth arrondissement<br \/>Rue Lecourbe from Pasteur to the Mairie (City Hall)<br \/>Rue Cambronne<br \/>Place du Gal Beuret<br \/>Avenue F\u00e9lix Faure between rue de l\u2019\u00e9glise and rue Duranton<br \/>Rue de la Convention between rue de Lourmel and rue de la Croix Nivert<br \/>Rue Saint Charles<br \/>Rue de la Convention<br \/>Place Saint Charles to rue du Th\u00e9\u00e2tre<br \/>Rue du Commerce<br \/>Carrefour Commerce \u2013 rue Fondary<br \/>Rue Vaugirard<br \/>Rue de la Convention<br \/>Carrefour Vaugirard Convention<br \/>Rue Dombasle<br \/>Rue Alain Chartier<br \/>Rue de l\u2019Abb\u00e9 Groult<br \/>Rue Balard<\/p>\n\n\n\n<p>Sixteenth arrondissement<br \/>Rue de la Tour<br \/>Rue de l\u2019Annonciation<\/p>\n\n\n\n<p>Seventeenth arrondissement<br \/>Avenue des Ternes<br \/>Place des Ternes<br \/>Avenue de Saint-Ouen<br \/>Rue Championnet<br \/>Rue Guy Moquet<br \/>Rue de la Jonqui\u00e8re<br \/>Rue Lagille<br \/>Rue Collette<br \/>March\u00e9 Navier<br \/>Rue des Batignolles<br \/>Rue Boursault<br \/>Rue des Dames<br \/>Rue Poncelet<br \/>Rue Bayen<br \/>Rue de Courcelles<br \/>Rue de L\u00e9vis from rue Cardinet to rue Legendre<br \/>Rue Caulaincourt from rue J. de maistre to rue Custine<br \/>Rue Lamarck beginning rue Caulaincourt<\/p>\n\n\n\n<p>Eighteenth arrondissement<br \/>Rue Damr\u00e9mont<br \/>Rue Caulaincourt<br \/>Rue Lamarck<br \/>Rue de Belleville entre Pyr\u00e9n\u00e9es et Jourdain<br \/>Rue du Jourdain<br \/>Rue de la Villette<br \/>Rue Lassus<\/p>\n\n\n\n<p>Nineteenth arrondissement<br \/>Avenue Laumi\u00e8re<br \/>Rue de Meaux<br \/>Avenue Secr\u00e9tan<br \/>Rue de Meaux le long du march\u00e9<br \/>Place du march\u00e9 Secr\u00e9tan<br \/>M\u00e9tro station Bolivar<\/p>\n\n\n\n<p>Twentieth arrondissement<br \/>Rue D\u2019Avron<br \/>Rue des Pyr\u00e9n\u00e9es<\/p>\n","protected":false},"excerpt":{"rendered":"<p>What&#8217;s on this page: Decorated Streets (go to the bottom of the page)Department store Christmas windowsIce SkatingIlluminations (Christmas Lights)Ferris Wheel (Grande Roue)Grand Palais Jours de F\u00eatesMerry-Go-Rounds\/Carrousels and MoreChristmas Markets Other&hellip;<\/p>\n","protected":false},"author":2,"featured_media":7459,"parent":3998,"menu_order":0,"comment_status":"open","ping_status":"open","template":"","meta":{"_monsterinsights_skip_tracking":false,"_monsterinsights_sitenote_active":false,"_monsterinsights_sitenote_note":"","_monsterinsights_sitenote_category":0,"_lmt_disableupdate":"","_lmt_disable":"","jetpack_post_was_ever_published":false,"footnotes":""},"class_list":["post-3976","page","type-page","status-publish","has-post-thumbnail","hentry"],"aioseo_notices":[],"jetpack_sharing_enabled":true,"jetpack-related-posts":[],"_links":{"self":[{"href":"https:\/\/staging-wptechsupport.com\/colleensparis\/wp-json\/wp\/v2\/pages\/3976","targetHints":{"allow":["GET"]}}],"collection":[{"href":"https:\/\/staging-wptechsupport.com\/colleensparis\/wp-json\/wp\/v2\/pages"}],"about":[{"href":"https:\/\/staging-wptechsupport.com\/colleensparis\/wp-json\/wp\/v2\/types\/page"}],"author":[{"embeddable":true,"href":"https:\/\/staging-wptechsupport.com\/colleensparis\/wp-json\/wp\/v2\/users\/2"}],"replies":[{"embeddable":true,"href":"https:\/\/staging-wptechsupport.com\/colleensparis\/wp-json\/wp\/v2\/comments?post=3976"}],"version-history":[{"count":55,"href":"https:\/\/staging-wptechsupport.com\/colleensparis\/wp-json\/wp\/v2\/pages\/3976\/revisions"}],"predecessor-version":[{"id":20159,"href":"https:\/\/staging-wptechsupport.com\/colleensparis\/wp-json\/wp\/v2\/pages\/3976\/revisions\/20159"}],"up":[{"embeddable":true,"href":"https:\/\/staging-wptechsupport.com\/colleensparis\/wp-json\/wp\/v2\/pages\/3998"}],"wp:featuredmedia":[{"embeddable":true,"href":"https:\/\/staging-wptechsupport.com\/colleensparis\/wp-json\/wp\/v2\/media\/7459"}],"wp:attachment":[{"href":"https:\/\/staging-wptechsupport.com\/colleensparis\/wp-json\/wp\/v2\/media?parent=3976"}],"curies":[{"name":"wp","href":"https:\/\/api.w.org\/{rel}","templated":true}]}}